{"id":10,"date":"2021-04-22T11:49:23","date_gmt":"2021-04-22T09:49:23","guid":{"rendered":"http:\/\/kartrans-beton.pl\/?page_id=10"},"modified":"2021-04-22T11:49:23","modified_gmt":"2021-04-22T09:49:23","slug":"produkcja","status":"publish","type":"page","link":"https:\/\/kartrans-beton.pl\/?page_id=10","title":{"rendered":"Produkcja"},"content":{"rendered":"\n<p><strong>Kruszywa<br><\/strong><br>Do produkcji &nbsp;beton\u00f3w konstrukcyjnych zwyk\u0142ych sprowadza si\u0119 kruszywo naturalne mineralne ze \u017cwirowni \u201eGFG Zab\u0142ocie\u201d i Brzezie. Dotyczy to \u017cwiru frakcji 4\/8 i frakcji 8\/16.<br>Do beton\u00f3w mostowych wysokich klas wytrzyma\u0142o\u015bci sprowadza si\u0119 kruszywo \u0142amane bazaltowe z kamienio\u0142omu \u201eGracze\u201d, a kruszywo granitowe z kamienio\u0142omu \u201eGraniczna\u201d.<br>Piasek do produkcji beton\u00f3w i zapraw pochodzi z Zab\u0142ocia i Brzezia. Tak\u017ce z Przecieszyna sprowadzane s\u0105 kruszywa i piasek.<br>Ograniczone \u017ar\u00f3d\u0142a pochodzenia umo\u017cliwiaj\u0105 jednorodno\u015b\u0107 materia\u0142u wsadowego do produkcji, natomiast odbi\u00f3r kruszyw transportem w\u0142asnym umo\u017cliwia kontrol\u0119 materia\u0142\u00f3w ju\u017c podczas za\u0142adunku.<\/p>\n\n\n\n<p><strong>Cement<br><\/strong><br>Wykorzystuje si\u0119 cement z cementowni \u201eG\u00f3ra\u017cd\u017ce&#8221; oraz &#8222;Odra&#8221;. Poszczeg\u00f3lne partie dostarczanego cementu dokumentowane s\u0105 deklaracjami zgodno\u015bci, a na \u017c\u0105danie dostarczane s\u0105 pe\u0142ne badania.<\/p>\n\n\n\n<p><strong>Popio\u0142y lotne<br><\/strong><br>Zale\u017cnie od potrzeb zamawiaj\u0105cego betonu stosuje si\u0119 popio\u0142y lotne, a \u017ar\u00f3d\u0142o pochodzenia \u2013 elektrownia w Jaworznie.<\/p>\n\n\n\n<p><strong>Domieszki do beton\u00f3w<br><\/strong><br>W produkcji u\u017cywane plastyfikatory Androimpex posiadaj\u0105 certyfikaty jako\u015bci systematycznie odnawialne.<\/p>\n\n\n\n<p><strong>Woda zarobowa<\/strong> wodoci\u0105gowa nie budzi zastrze\u017ce\u0144.<\/p>\n\n\n\n<p><strong>Podstawa produkcji betonu i czynniki<br>zapewniaj\u0105 sprawno\u015b\u0107 procesu produkcyjnego.<\/strong><\/p>\n\n\n\n<p>Produkcja masy betonowej odbywa si\u0119 na podstawie zatwierdzonych receptur. Stosowane do produkcji s\u0105 receptury o ustalonym sk\u0142adzie. W praktycznym stosowaniu uzyskuje si\u0119 jednorodn\u0105 mas\u0119 betonow\u0105 o \u017c\u0105danej konsystencji i urabialno\u015bci.<br>Dozowanie komputerowe sk\u0142adnik\u00f3w pozwala na \u015bcis\u0142e ustalenie ilo\u015bci odmierzonej wody zarobowej zale\u017cnie od zawilgocenia kruszywa. Pierwszy zar\u00f3b w danym dniu weryfikuje si\u0119 z nast\u0119pnymi i ustala w\u0142a\u015bciwy.<\/p>\n\n\n\n<p>Ocenie wst\u0119pnej podlega:<\/p>\n\n\n\n<ul class=\"wp-block-list\"><li>zgodno\u015b\u0107 dozowanych sk\u0142adnik\u00f3w z wymaganiami i tolerancjami,<\/li><li>wsp\u00f3\u0142czynnik w\/c,<\/li><li>konsystencja,<\/li><li>w przypadku ustale\u0144 specyfikacji:<\/li><\/ul>\n\n\n\n<p>&nbsp;&nbsp;&nbsp;&#8211; g\u0119sto\u015b\u0107 mieszanki betonowej,<br>&nbsp;&nbsp;&nbsp;&#8211; temperatur\u0119,<br>&nbsp;&nbsp;&nbsp;&#8211; zawarto\u015b\u0107 powietrza w mieszance.<br>Proces nape\u0142niania i urabiania masy betonowej w mieszalniku sterowany jest komputerowo.<br>Masa betonowa po urobieniu powinna posiada\u0107 struktur\u0119 jednorodn\u0105. Przyjmuje si\u0119 czas mieszania sk\u0142adnik\u00f3w dla konsystencji o stopniu S2 (g\u0119stej) 150s, a dla konsystencji o stopniu S3, S4 kr\u00f3tszy czas mieszania wynosz\u0105cy min. 120s i 90s.<br>Dodatki w postaci popio\u0142\u00f3w wymagaj\u0105 d\u0142u\u017cszego mieszania i zwi\u0105zku z tym wyd\u0142u\u017ca si\u0119 czas o 30s.Producent betonu kontroluje sprz\u0119t dozoruj\u0105cy i pomiarowy zgodnie z tabel\u0105 23 normy PN-EN 206-1.<\/p>\n\n\n\n<p><strong>Dla sprawno\u015bci procesu produkcyjnego i kontrolnego przyj\u0119to nast\u0119puj\u0105c\u0105 metod\u0119:<\/strong><br>Pierwsza gruszka z wyprodukowan\u0105 mas\u0105 betonow\u0105, zanim odjedzie do odbioru, przystaje przed stanowiskiem kontrolnym w celu dope\u0142nienia sprawdzenia cech jako\u015bciowych \u015bwie\u017cej masy. Podobnie post\u0119puje si\u0119 w przypadku pobierania pr\u00f3bek do innych bada\u0144.<\/p>\n","protected":false},"excerpt":{"rendered":"<p>KruszywaDo produkcji &nbsp;beton\u00f3w konstrukcyjnych zwyk\u0142ych sprowadza si\u0119 kruszywo naturalne mineralne ze \u017cwirowni \u201eGFG Zab\u0142ocie\u201d i Brzezie. Dotyczy to \u017cwiru frakcji 4\/8 i frakcji 8\/16.Do beton\u00f3w mostowych wysokich klas wytrzyma\u0142o\u015bci sprowadza si\u0119 kruszywo<\/p>\n<a class=\"moretag noptoppad\" href=\"https:\/\/kartrans-beton.pl\/?page_id=10\">Read More...<\/a>","protected":false},"author":1,"featured_media":0,"parent":0,"menu_order":0,"comment_status":"closed","ping_status":"closed","template":"","meta":{"ngg_post_thumbnail":0,"footnotes":""},"class_list":["post-10","page","type-page","status-publish","hentry"],"_links":{"self":[{"href":"https:\/\/kartrans-beton.pl\/index.php?rest_route=\/wp\/v2\/pages\/10","targetHints":{"allow":["GET"]}}],"collection":[{"href":"https:\/\/kartrans-beton.pl\/index.php?rest_route=\/wp\/v2\/pages"}],"about":[{"href":"https:\/\/kartrans-beton.pl\/index.php?rest_route=\/wp\/v2\/types\/page"}],"author":[{"embeddable":true,"href":"https:\/\/kartrans-beton.pl\/index.php?rest_route=\/wp\/v2\/users\/1"}],"replies":[{"embeddable":true,"href":"https:\/\/kartrans-beton.pl\/index.php?rest_route=%2Fwp%2Fv2%2Fcomments&post=10"}],"version-history":[{"count":1,"href":"https:\/\/kartrans-beton.pl\/index.php?rest_route=\/wp\/v2\/pages\/10\/revisions"}],"predecessor-version":[{"id":11,"href":"https:\/\/kartrans-beton.pl\/index.php?rest_route=\/wp\/v2\/pages\/10\/revisions\/11"}],"wp:attachment":[{"href":"https:\/\/kartrans-beton.pl\/index.php?rest_route=%2Fwp%2Fv2%2Fmedia&parent=10"}],"curies":[{"name":"wp","href":"https:\/\/api.w.org\/{rel}","templated":true}]}}