{"id":12,"date":"2021-04-22T11:49:49","date_gmt":"2021-04-22T09:49:49","guid":{"rendered":"http:\/\/kartrans-beton.pl\/?page_id=12"},"modified":"2021-04-22T11:49:49","modified_gmt":"2021-04-22T09:49:49","slug":"oferta","status":"publish","type":"page","link":"https:\/\/kartrans-beton.pl\/?page_id=12","title":{"rendered":"Oferta"},"content":{"rendered":"\n<ul class=\"wp-block-list\"><li><strong>Wyr\u00f3b i sprzeda\u017c:<\/strong><\/li><\/ul>\n\n\n\n<p>&nbsp;&nbsp;&nbsp;&nbsp;&nbsp;&nbsp;&#8211; beton towarowy i posadzkowy<br>&nbsp;&nbsp;&nbsp;&nbsp;&nbsp;&nbsp;&#8211; beton suchy<br>&nbsp;&nbsp;&nbsp;&nbsp;&nbsp;&nbsp;&#8211; zaprawy cementowo-piaskowe<br>&nbsp;&nbsp;&nbsp;&nbsp;&nbsp;&nbsp;&#8211; zaprawy murarskie i budowalne<br>&nbsp;&nbsp;&nbsp;&nbsp;&nbsp;&nbsp;&#8211; stabilizacje<\/p>\n\n\n\n<ul class=\"wp-block-list\"><li>Transport betonu: 3 m\u00b3, 7 m\u00b3, 9 m\u00b3, 10 m\u00b3<\/li><li>Pompogruszka: wysi\u0119g 28 m<\/li><li>Pompy &nbsp;do betonu: 24 m<\/li><\/ul>\n\n\n\n<ul class=\"wp-block-list\"><li><strong>Sprzeda\u017c kruszywa w cenach hurtowych:<\/strong><\/li><\/ul>\n\n\n\n<p>&nbsp;&nbsp;&nbsp;&nbsp;&nbsp;&nbsp;&#8211; piasek<br>&nbsp;&nbsp;&nbsp;&nbsp;&nbsp;&nbsp;&#8211; \u017cwir<br>&nbsp;&nbsp;&nbsp;&nbsp;&nbsp;&nbsp;&#8211; kliniec<br>&nbsp;&nbsp;&nbsp;&nbsp;&nbsp;&nbsp;&#8211; wysiewka<\/p>\n\n\n\n<ul class=\"wp-block-list\"><li>W\u0119ze\u0142 sterowany komputerowo<\/li><li>Wysokiej jako\u015bci kruszywo i cement stosowane do produkcji.<\/li><\/ul>\n\n\n\n<figure class=\"wp-block-image\"><img decoding=\"async\" src=\"http:\/\/kartrans.beskidy.pl\/images\/gravskopa-1070402_640.jpg\" alt=\"\" title=\"\"\/><\/figure>\n\n\n\n<p><strong>W ofercie posiadamy tak\u017ce wykonywanie us\u0142ug koparko-\u0142adowark\u0105.<\/strong><\/p>\n","protected":false},"excerpt":{"rendered":"<p>Wyr\u00f3b i sprzeda\u017c: &nbsp;&nbsp;&nbsp;&nbsp;&nbsp;&nbsp;&#8211; beton towarowy i posadzkowy&nbsp;&nbsp;&nbsp;&nbsp;&nbsp;&nbsp;&#8211; beton suchy&nbsp;&nbsp;&nbsp;&nbsp;&nbsp;&nbsp;&#8211; zaprawy cementowo-piaskowe&nbsp;&nbsp;&nbsp;&nbsp;&nbsp;&nbsp;&#8211; zaprawy murarskie i budowalne&nbsp;&nbsp;&nbsp;&nbsp;&nbsp;&nbsp;&#8211; stabilizacje Transport betonu: 3 m\u00b3, 7 m\u00b3, 9 m\u00b3, 10 m\u00b3 Pompogruszka: wysi\u0119g 28 m Pompy<\/p>\n<a class=\"moretag noptoppad\" href=\"https:\/\/kartrans-beton.pl\/?page_id=12\">Read More...<\/a>","protected":false},"author":1,"featured_media":0,"parent":0,"menu_order":0,"comment_status":"closed","ping_status":"closed","template":"","meta":{"ngg_post_thumbnail":0,"footnotes":""},"class_list":["post-12","page","type-page","status-publish","hentry"],"_links":{"self":[{"href":"https:\/\/kartrans-beton.pl\/index.php?rest_route=\/wp\/v2\/pages\/12","targetHints":{"allow":["GET"]}}],"collection":[{"href":"https:\/\/kartrans-beton.pl\/index.php?rest_route=\/wp\/v2\/pages"}],"about":[{"href":"https:\/\/kartrans-beton.pl\/index.php?rest_route=\/wp\/v2\/types\/page"}],"author":[{"embeddable":true,"href":"https:\/\/kartrans-beton.pl\/index.php?rest_route=\/wp\/v2\/users\/1"}],"replies":[{"embeddable":true,"href":"https:\/\/kartrans-beton.pl\/index.php?rest_route=%2Fwp%2Fv2%2Fcomments&post=12"}],"version-history":[{"count":1,"href":"https:\/\/kartrans-beton.pl\/index.php?rest_route=\/wp\/v2\/pages\/12\/revisions"}],"predecessor-version":[{"id":13,"href":"https:\/\/kartrans-beton.pl\/index.php?rest_route=\/wp\/v2\/pages\/12\/revisions\/13"}],"wp:attachment":[{"href":"https:\/\/kartrans-beton.pl\/index.php?rest_route=%2Fwp%2Fv2%2Fmedia&parent=12"}],"curies":[{"name":"wp","href":"https:\/\/api.w.org\/{rel}","templated":true}]}}