{"id":6,"date":"2021-04-22T11:48:36","date_gmt":"2021-04-22T09:48:36","guid":{"rendered":"http:\/\/kartrans-beton.pl\/?page_id=6"},"modified":"2021-04-22T11:48:36","modified_gmt":"2021-04-22T09:48:36","slug":"projekty","status":"publish","type":"page","link":"https:\/\/kartrans-beton.pl\/?page_id=6","title":{"rendered":"Projekty"},"content":{"rendered":"\n<p>Firma <strong>KARTRANS <\/strong>bra\u0142a udzia\u0142 m.in. w realizacji takich projekt\u00f3w jak:<\/p>\n\n\n\n<ul class=\"wp-block-list\"><li>Cukiernia &#8222;Bajeczna&#8221; w Godziszce<\/li><li>Firma &#8222;Infomex&#8221; w \u017bywcu<\/li><li>Wsp\u00f3\u0142pracowano z firm\u0105 &#8222;Kirchnner&#8221; przy budowie drogi Zwardo\u0144-\u017bywiec<\/li><li>Sala weselna &#8222;Roma&#8221; w Godziszce<\/li><li>C.H. &#8222;Czerwona torebka&#8221; w \u0141odygowicach<\/li><li>Hale Browaru \u017bywiec (place, konstrukcje \u017celbetonowe)<\/li><li>&#8222;Prosperplast&#8221; &#8211; wykonanie posadzek przemys\u0142owych<\/li><li>Estakady przy Szpitalu Wojew\u00f3dzkim w Bielsku Bia\u0142ej<\/li><li>Budowle hydrotechniczne<\/li><li>Us\u0142ugi wykonywane prywatnym klientom.<\/li><\/ul>\n","protected":false},"excerpt":{"rendered":"<p>Firma KARTRANS bra\u0142a udzia\u0142 m.in. w realizacji takich projekt\u00f3w jak: Cukiernia &#8222;Bajeczna&#8221; w Godziszce Firma &#8222;Infomex&#8221; w \u017bywcu Wsp\u00f3\u0142pracowano z firm\u0105 &#8222;Kirchnner&#8221; przy budowie drogi Zwardo\u0144-\u017bywiec Sala weselna &#8222;Roma&#8221; w Godziszce C.H.<\/p>\n<a class=\"moretag noptoppad\" href=\"https:\/\/kartrans-beton.pl\/?page_id=6\">Read More...<\/a>","protected":false},"author":1,"featured_media":0,"parent":0,"menu_order":0,"comment_status":"closed","ping_status":"closed","template":"","meta":{"ngg_post_thumbnail":0,"footnotes":""},"class_list":["post-6","page","type-page","status-publish","hentry"],"_links":{"self":[{"href":"https:\/\/kartrans-beton.pl\/index.php?rest_route=\/wp\/v2\/pages\/6","targetHints":{"allow":["GET"]}}],"collection":[{"href":"https:\/\/kartrans-beton.pl\/index.php?rest_route=\/wp\/v2\/pages"}],"about":[{"href":"https:\/\/kartrans-beton.pl\/index.php?rest_route=\/wp\/v2\/types\/page"}],"author":[{"embeddable":true,"href":"https:\/\/kartrans-beton.pl\/index.php?rest_route=\/wp\/v2\/users\/1"}],"replies":[{"embeddable":true,"href":"https:\/\/kartrans-beton.pl\/index.php?rest_route=%2Fwp%2Fv2%2Fcomments&post=6"}],"version-history":[{"count":1,"href":"https:\/\/kartrans-beton.pl\/index.php?rest_route=\/wp\/v2\/pages\/6\/revisions"}],"predecessor-version":[{"id":7,"href":"https:\/\/kartrans-beton.pl\/index.php?rest_route=\/wp\/v2\/pages\/6\/revisions\/7"}],"wp:attachment":[{"href":"https:\/\/kartrans-beton.pl\/index.php?rest_route=%2Fwp%2Fv2%2Fmedia&parent=6"}],"curies":[{"name":"wp","href":"https:\/\/api.w.org\/{rel}","templated":true}]}}