{"id":61,"date":"2021-04-22T12:46:29","date_gmt":"2021-04-22T10:46:29","guid":{"rendered":"http:\/\/kartrans-beton.pl\/?page_id=61"},"modified":"2021-04-22T12:46:29","modified_gmt":"2021-04-22T10:46:29","slug":"polityka-prywatnosci-2","status":"publish","type":"page","link":"https:\/\/kartrans-beton.pl\/?page_id=61","title":{"rendered":"Polityka prywatno\u015bci"},"content":{"rendered":"\n<p>Firma KARTRANS chroni dane osobowe U\u017cytkownik\u00f3w zgodnie z wytycznymi RODO (Rozporz\u0105dzenia Parlamentu Europejskiego i Rady (UE) 2016\/679). Zbieramy wy\u0142\u0105cznie dane osobowe niezb\u0119dne do realizacji us\u0142ug oferowanych U\u017cytkownikom. Firma dok\u0142ada wszelkich stara\u0144, by dane osobowe U\u017cytkownik\u00f3w by\u0142y bezpieczne. Nie przetwarzamy \u017cadnych danych wra\u017cliwych, zaledwie minimum potrzebne do normalnego funkcjonowania strony www.<\/p>\n\n\n\n<p><strong>Co stanowi dane osobowe w naszym przypadku?<\/strong><\/p>\n\n\n\n<p>Dane osobowe stanowi\u0105 takie informacje jak adres IP oraz pliki cookies.<\/p>\n\n\n\n<p><strong>W jaki spos\u00f3b z nich korzystamy?<\/strong><\/p>\n\n\n\n<p>Strona grot-konstrukcje.pl korzysta z us\u0142ug Google Analytics (https:\/\/policies.google.com\/privacy?hl=pl)<\/p>\n\n\n\n<p><strong>Po co zbieramy Twoje dane?<\/strong><\/p>\n\n\n\n<p>W celach analitycznych, tj. zbierania statystyk dotycz\u0105cych liczby ods\u0142on, odwiedzin, a tak\u017ce unikalnych u\u017cytkownik\u00f3w i ich lokalizacji, etc.<\/p>\n\n\n\n<p><strong>Kto jest odbiorc\u0105 Twoich danych?<\/strong><\/p>\n\n\n\n<p>Twoje dane s\u0105 u nas bezpieczne. Przy zachowaniu nale\u017cytej ostro\u017cno\u015bci mog\u0105 by\u0107 udost\u0119pniane podmiotom wspomagaj\u0105cym w\u0142a\u015bciwe funkcjonowanie serwisu, jak administrator serwera czy programista wykonuj\u0105cy poprawki na stronie kartrans-beton.pl<\/p>\n\n\n\n<p><strong>Zawsze masz prawo do:<\/strong><\/p>\n\n\n\n<p>\u2013 informacji i komunikacji z administratorem<\/p>\n\n\n\n<p>\u2013 do dost\u0119pu<\/p>\n\n\n\n<p>\u2013 do sprostowania<\/p>\n\n\n\n<p>\u2013 do bycia zapomnianym<\/p>\n\n\n\n<p>\u2013 do ograniczenia przetwarzania<\/p>\n\n\n\n<p><strong>Pami\u0119taj, \u017ce wyra\u017cenie zgody jest w pe\u0142ni dobrowolne.<\/strong><\/p>\n\n\n\n<p>Administratorem danych osobowych jest KARTRANS z siedzib\u0105 w <strong>43-378 Rybarzowice<\/strong>, ul. Ceglana<\/p>\n\n\n\n<p>Dane kontaktowe do Administratora: <strong>33 861 03 74<\/strong>, biuro@kartrans-beton.pl<\/p>\n\n\n\n<p>Dane osobowe s\u0105 przetwarzane w celu realizacji marketingu bezpo\u015bredniego dotycz\u0105cego w\u0142asnych produkt\u00f3w, us\u0142ug stanowi\u0105cym tzw. prawnie uzasadniony interes na podstawie art. 6 ust. 1 lit. b) i f) rozporz\u0105dzenia Parlamentu Europejskiego i Rady (UE) 2016\/679 (RODO) i nie s\u0105 przekazywane innym odbiorcom, organizacji mi\u0119dzynarodowej czy do pa\u0144stw trzecich. Osoba kt\u00f3rej dane dotycz\u0105 ma prawo do dost\u0119pu do swoich danych osobowych, prawo do cofni\u0119cia zgody w dowolnym momencie oraz wniesienia skargi do Prezesa Urz\u0119du Ochrony Danych Osobowych. Podanie danych osobowych jest dobrowolne, wynika z przepis\u00f3w, ich niepodanie b\u0119dzie skutkowa\u0142o brakiem mo\u017cliwo\u015bci realizowania us\u0142ugi. Na podstawie danych osobowych nie s\u0105 podejmowane zautomatyzowane decyzje, w tym nie stosuje si\u0119 profilowania po stronie Administratora danych osobowych.&nbsp;<\/p>\n\n\n\n<p>Portal u\u017cywa informacji zapisanych za pomoc\u0105 cookies w celach reklamowych i statystycznych oraz w aby dostosowa\u0107 nasz serwis do indywidualnych potrzeb u\u017cytkownik\u00f3w. Mog\u0105 te\u017c stosowa\u0107 je wsp\u00f3\u0142pracuj\u0105cy z nami reklamodawcy, firmy badawcze oraz dostawcy aplikacji multimedialnych. Uznajemy, \u017ce kontynuuj\u0105c korzystanie z serwisu, wyra\u017casz na to zgod\u0119. Korzystanie z serwisu bez zmiany ustawie\u0144 dotycz\u0105cych cookies oznacza, \u017ce b\u0119d\u0105 one zapisane w pami\u0119ci urz\u0105dzenia.<\/p>\n","protected":false},"excerpt":{"rendered":"<p>Firma KARTRANS chroni dane osobowe U\u017cytkownik\u00f3w zgodnie z wytycznymi RODO (Rozporz\u0105dzenia Parlamentu Europejskiego i Rady (UE) 2016\/679). Zbieramy wy\u0142\u0105cznie dane osobowe niezb\u0119dne do realizacji us\u0142ug oferowanych U\u017cytkownikom. Firma dok\u0142ada wszelkich stara\u0144, by<\/p>\n<a class=\"moretag noptoppad\" href=\"https:\/\/kartrans-beton.pl\/?page_id=61\">Read More...<\/a>","protected":false},"author":1,"featured_media":0,"parent":0,"menu_order":0,"comment_status":"closed","ping_status":"closed","template":"","meta":{"ngg_post_thumbnail":0,"footnotes":""},"class_list":["post-61","page","type-page","status-publish","hentry"],"_links":{"self":[{"href":"https:\/\/kartrans-beton.pl\/index.php?rest_route=\/wp\/v2\/pages\/61","targetHints":{"allow":["GET"]}}],"collection":[{"href":"https:\/\/kartrans-beton.pl\/index.php?rest_route=\/wp\/v2\/pages"}],"about":[{"href":"https:\/\/kartrans-beton.pl\/index.php?rest_route=\/wp\/v2\/types\/page"}],"author":[{"embeddable":true,"href":"https:\/\/kartrans-beton.pl\/index.php?rest_route=\/wp\/v2\/users\/1"}],"replies":[{"embeddable":true,"href":"https:\/\/kartrans-beton.pl\/index.php?rest_route=%2Fwp%2Fv2%2Fcomments&post=61"}],"version-history":[{"count":1,"href":"https:\/\/kartrans-beton.pl\/index.php?rest_route=\/wp\/v2\/pages\/61\/revisions"}],"predecessor-version":[{"id":62,"href":"https:\/\/kartrans-beton.pl\/index.php?rest_route=\/wp\/v2\/pages\/61\/revisions\/62"}],"wp:attachment":[{"href":"https:\/\/kartrans-beton.pl\/index.php?rest_route=%2Fwp%2Fv2%2Fmedia&parent=61"}],"curies":[{"name":"wp","href":"https:\/\/api.w.org\/{rel}","templated":true}]}}