{"id":8,"date":"2021-04-22T11:48:59","date_gmt":"2021-04-22T09:48:59","guid":{"rendered":"http:\/\/kartrans-beton.pl\/?page_id=8"},"modified":"2021-04-22T11:48:59","modified_gmt":"2021-04-22T09:48:59","slug":"wyposazenie","status":"publish","type":"page","link":"https:\/\/kartrans-beton.pl\/?page_id=8","title":{"rendered":"Wyposa\u017cenie"},"content":{"rendered":"\n<p>Betoniarnia typu BMK- 1000 o wydajno\u015bci 50m\u00b3\/ godz.<br>Wszystkie urz\u0105dzenia dozuj\u0105ce s\u0105 systematycznie kalibrowane. Zapisy dotycz\u0105ce kalibracji przechowywane s\u0105 w biurze betoniarni.<\/p>\n","protected":false},"excerpt":{"rendered":"<p>Betoniarnia typu BMK- 1000 o wydajno\u015bci 50m\u00b3\/ godz.Wszystkie urz\u0105dzenia dozuj\u0105ce s\u0105 systematycznie kalibrowane. Zapisy dotycz\u0105ce kalibracji przechowywane s\u0105 w biurze betoniarni.<\/p>\n<a class=\"moretag noptoppad\" href=\"https:\/\/kartrans-beton.pl\/?page_id=8\">Read More...<\/a>","protected":false},"author":1,"featured_media":0,"parent":0,"menu_order":0,"comment_status":"closed","ping_status":"closed","template":"","meta":{"ngg_post_thumbnail":0,"footnotes":""},"class_list":["post-8","page","type-page","status-publish","hentry"],"_links":{"self":[{"href":"https:\/\/kartrans-beton.pl\/index.php?rest_route=\/wp\/v2\/pages\/8","targetHints":{"allow":["GET"]}}],"collection":[{"href":"https:\/\/kartrans-beton.pl\/index.php?rest_route=\/wp\/v2\/pages"}],"about":[{"href":"https:\/\/kartrans-beton.pl\/index.php?rest_route=\/wp\/v2\/types\/page"}],"author":[{"embeddable":true,"href":"https:\/\/kartrans-beton.pl\/index.php?rest_route=\/wp\/v2\/users\/1"}],"replies":[{"embeddable":true,"href":"https:\/\/kartrans-beton.pl\/index.php?rest_route=%2Fwp%2Fv2%2Fcomments&post=8"}],"version-history":[{"count":1,"href":"https:\/\/kartrans-beton.pl\/index.php?rest_route=\/wp\/v2\/pages\/8\/revisions"}],"predecessor-version":[{"id":9,"href":"https:\/\/kartrans-beton.pl\/index.php?rest_route=\/wp\/v2\/pages\/8\/revisions\/9"}],"wp:attachment":[{"href":"https:\/\/kartrans-beton.pl\/index.php?rest_route=%2Fwp%2Fv2%2Fmedia&parent=8"}],"curies":[{"name":"wp","href":"https:\/\/api.w.org\/{rel}","templated":true}]}}